{"id":149,"date":"2025-12-04T18:31:34","date_gmt":"2025-12-04T18:31:34","guid":{"rendered":"https:\/\/annaspark.studiofjoer.nl\/?page_id=149"},"modified":"2026-04-01T14:39:31","modified_gmt":"2026-04-01T14:39:31","slug":"shows-2","status":"publish","type":"page","link":"https:\/\/annaspark.studiofjoer.nl\/index.php\/shows-2\/","title":{"rendered":"Shows"},"content":{"rendered":"\n<div class=\"wp-block-group is-vertical is-layout-flex wp-container-core-group-is-layout-fe9cc265 wp-block-group-is-layout-flex\">\n<p><strong>2026<\/strong><br>16jan | ESNS Friesland Pop, Drie Gezusters | Groningen<br><a href=\"https:\/\/www.instagram.com\/forthosewhocouldntbehere\/\" target=\"_blank\" rel=\"noreferrer noopener\">14feb<\/a> | Benefietconcert KWF, Muziekwerf | Rotterdam<br><a href=\"https:\/\/www.dbstudio.nl\/event\/clash-of-the-titans-2026-voorronde-1-6\/\">28feb<\/a> | Clash of the Titans, dB&#8217;s | Utrecht<br>12 mrt | Stukafest Oudenoord 395 | Utrecht<br><a href=\"https:\/\/www.neushoorn.nl\/events\/leading-ladies#:~:text=Leading%20Ladies%20is%20een%20avond,Ladies%20het%20Neushoorn%20Caf\u00e9%20over.\">3apr<\/a> | Leading Ladies, Neushoorn Caf\u00e9 | Leeuwarden<br>7 apr | caf\u00e9 de Koe | Amsterdam<br><a href=\"https:\/\/iduna.nl\/agenda\/momsname-anna-spark-kloffie-shes-electric\/\">9apr<\/a> | She&#8217;s Electric, Iduna | Drachten<br><a href=\"https:\/\/timetable.boosterfestival.nl\/?day=1&amp;view=timeline\" target=\"_blank\" rel=\"noreferrer noopener\">18apr<\/a> | Booster Festival Showcase | Enschede<br><a href=\"https:\/\/www.dbstudio.nl\/event\/clash-of-the-titans-2026-1-2-finale-2\/\">24apr<\/a> | semi-final Clash of the Titans, dB&#8217;s | Utrecht7 apr | caf\u00e9 de Koe | Amsterdam<br>27apr | Koningsdag, caf\u00e9 Averechts | Utrecht<\/p>\n\n\n\n<p><strong>2025<\/strong><br>14dec| Winterfestijn, Mixxim stage | Zutphen<br>06dec | Expositie &#8216;Heimwee&#8217;, Bibliotheek | Deventer<br><a href=\"https:\/\/www.dbstudio.nl\/event\/anna-spark\/\">20nov<\/a> | dB&#8217;s Release show + Film premiere Anna Spark | Utrecht<br><a href=\"https:\/\/liet.nl\/nieuws\/mayte-wint-frysk-sjongfestival-liet-2025\/#:~:text=MAYTE%20wint%20Liet%202025,de%20Gryt%20van%20Duinen%2Dtekstprijs.\">11sept<\/a> | Finale Songfestival Liet (2e plek), Neushoorn | Leeuwarden<br>23aug | Priv\u00e9 evenement | Schoorl<br><a href=\"https:\/\/dehelling.nl\/agenda\/open-startblok-06-07-2025\/\">06jul<\/a> | Finale Startblok, de Helling | Utrecht<br>06jun | Caf\u00e9 Averechts | Utrecht<br>30may | Neushoorn Caf\u00e9 | Leeuwarden<br>6mar | Songpoets Open Stage, Beauforthuis | Zeist<br>9feb | U-Vrienden Live, Trapop | Utrecht<br><a href=\"https:\/\/dehelling.nl\/agenda\/leen-play-anna-spark-alexine\/\">26jan<\/a> | LE:EN Play x De Helling | Utrecht<br>16jan | ESNS Radio Pinguin, Drie Gezusters | Groningen<\/p>\n<\/div>\n\n\n\n<p><strong>2024<\/strong><\/p>\n\n\n\n<p>8dec| Caf\u00e9 Pitchers | Amersfoort<br>5dec | Caf\u00e9 Hofman | Utrecht<br>28nov | Priv\u00e9 evenement, Koelhuis | Zutphen<br>24nov| Winterwinkelen Vechtclub XL | Utrecht<br>15nov | AHK Culture Club | Amsterdam<br>31okt | Caf\u00e9 Stath\u00e9 | Utrecht<br>11okt | Finale Radio Pinguin ESNS extra | dB&#8217;s Utrecht<br>29sept | Beton-T, Betonnerie | Utrecht<br>19 sept | het Muzieklokaal | Utrecht<br>13jul | Vierdaagse Feesten Ramblas | Nijmegen<br>30jun | Gluren bij de Buren | Utrecht<br>31may | 10 jaar Tivoli Vredenburg Rabo Stage | Utrecht<br>20apr | Record Store Day Artistic Recordstore | Grou<\/p>\n\n\n\n<p><strong>2023<\/strong><\/p>\n\n\n\n<p>23 okt | Nederlands Film Festival Nijverheid | Utrecht<br>21 apr | Rabo Stage Tivoli Vredenburg | Utrecht<br>07 apr | Support act cafe Stath\u00e9 | Utrecht<\/p>\n\n\n\n<figure class=\"wp-block-gallery has-nested-images columns-default is-cropped wp-block-gallery-1 is-layout-flex wp-block-gallery-is-layout-flex\">\n<figure class=\"wp-block-image size-large\"><img loading=\"lazy\" decoding=\"async\" width=\"684\" height=\"1024\" data-id=\"156\" src=\"https:\/\/annaspark.studiofjoer.nl\/wp-content\/uploads\/2025\/12\/DSCF0581-684x1024.jpg\" alt=\"\" class=\"wp-image-156\" srcset=\"https:\/\/annaspark.studiofjoer.nl\/wp-content\/uploads\/2025\/12\/DSCF0581-684x1024.jpg 684w, https:\/\/annaspark.studiofjoer.nl\/wp-content\/uploads\/2025\/12\/DSCF0581-200x300.jpg 200w, https:\/\/annaspark.studiofjoer.nl\/wp-content\/uploads\/2025\/12\/DSCF0581-768x1150.jpg 768w, https:\/\/annaspark.studiofjoer.nl\/wp-content\/uploads\/2025\/12\/DSCF0581-1025x1536.jpg 1025w, https:\/\/annaspark.studiofjoer.nl\/wp-content\/uploads\/2025\/12\/DSCF0581-1367x2048.jpg 1367w, https:\/\/annaspark.studiofjoer.nl\/wp-content\/uploads\/2025\/12\/DSCF0581-scaled.jpg 1709w\" sizes=\"auto, (max-width: 684px) 100vw, 684px\" \/><\/figure>\n\n\n\n<figure class=\"wp-block-image size-large\"><img loading=\"lazy\" decoding=\"async\" width=\"614\" height=\"1024\" data-id=\"152\" src=\"https:\/\/annaspark.studiofjoer.nl\/wp-content\/uploads\/2025\/12\/DSCF0227-614x1024.jpg\" alt=\"\" class=\"wp-image-152\" srcset=\"https:\/\/annaspark.studiofjoer.nl\/wp-content\/uploads\/2025\/12\/DSCF0227-614x1024.jpg 614w, https:\/\/annaspark.studiofjoer.nl\/wp-content\/uploads\/2025\/12\/DSCF0227-180x300.jpg 180w, https:\/\/annaspark.studiofjoer.nl\/wp-content\/uploads\/2025\/12\/DSCF0227-768x1281.jpg 768w, https:\/\/annaspark.studiofjoer.nl\/wp-content\/uploads\/2025\/12\/DSCF0227-921x1536.jpg 921w, https:\/\/annaspark.studiofjoer.nl\/wp-content\/uploads\/2025\/12\/DSCF0227-1228x2048.jpg 1228w, https:\/\/annaspark.studiofjoer.nl\/wp-content\/uploads\/2025\/12\/DSCF0227-scaled.jpg 1535w\" sizes=\"auto, (max-width: 614px) 100vw, 614px\" \/><\/figure>\n\n\n\n<figure class=\"wp-block-image size-large\"><img loading=\"lazy\" decoding=\"async\" width=\"701\" height=\"1024\" data-id=\"153\" src=\"https:\/\/annaspark.studiofjoer.nl\/wp-content\/uploads\/2025\/12\/DSCF0264-701x1024.jpg\" alt=\"\" class=\"wp-image-153\" srcset=\"https:\/\/annaspark.studiofjoer.nl\/wp-content\/uploads\/2025\/12\/DSCF0264-701x1024.jpg 701w, https:\/\/annaspark.studiofjoer.nl\/wp-content\/uploads\/2025\/12\/DSCF0264-205x300.jpg 205w, https:\/\/annaspark.studiofjoer.nl\/wp-content\/uploads\/2025\/12\/DSCF0264-768x1123.jpg 768w, https:\/\/annaspark.studiofjoer.nl\/wp-content\/uploads\/2025\/12\/DSCF0264-1051x1536.jpg 1051w, https:\/\/annaspark.studiofjoer.nl\/wp-content\/uploads\/2025\/12\/DSCF0264-1401x2048.jpg 1401w, https:\/\/annaspark.studiofjoer.nl\/wp-content\/uploads\/2025\/12\/DSCF0264-scaled.jpg 1751w\" sizes=\"auto, (max-width: 701px) 100vw, 701px\" \/><\/figure>\n\n\n\n<figure class=\"wp-block-image size-large\"><img loading=\"lazy\" decoding=\"async\" width=\"1024\" height=\"684\" data-id=\"161\" src=\"https:\/\/annaspark.studiofjoer.nl\/wp-content\/uploads\/2025\/12\/DSCF0470-1024x684.jpg\" alt=\"\" class=\"wp-image-161\" srcset=\"https:\/\/annaspark.studiofjoer.nl\/wp-content\/uploads\/2025\/12\/DSCF0470-1024x684.jpg 1024w, https:\/\/annaspark.studiofjoer.nl\/wp-content\/uploads\/2025\/12\/DSCF0470-300x200.jpg 300w, https:\/\/annaspark.studiofjoer.nl\/wp-content\/uploads\/2025\/12\/DSCF0470-768x513.jpg 768w, https:\/\/annaspark.studiofjoer.nl\/wp-content\/uploads\/2025\/12\/DSCF0470-1536x1025.jpg 1536w, https:\/\/annaspark.studiofjoer.nl\/wp-content\/uploads\/2025\/12\/DSCF0470-2048x1367.jpg 2048w\" sizes=\"auto, (max-width: 1024px) 100vw, 1024px\" \/><\/figure>\n\n\n\n<figure class=\"wp-block-image size-large\"><img loading=\"lazy\" decoding=\"async\" width=\"684\" height=\"1024\" data-id=\"154\" src=\"https:\/\/annaspark.studiofjoer.nl\/wp-content\/uploads\/2025\/12\/DSCF0561-684x1024.jpg\" alt=\"\" class=\"wp-image-154\" srcset=\"https:\/\/annaspark.studiofjoer.nl\/wp-content\/uploads\/2025\/12\/DSCF0561-684x1024.jpg 684w, https:\/\/annaspark.studiofjoer.nl\/wp-content\/uploads\/2025\/12\/DSCF0561-200x300.jpg 200w, https:\/\/annaspark.studiofjoer.nl\/wp-content\/uploads\/2025\/12\/DSCF0561-768x1150.jpg 768w, https:\/\/annaspark.studiofjoer.nl\/wp-content\/uploads\/2025\/12\/DSCF0561-1025x1536.jpg 1025w, https:\/\/annaspark.studiofjoer.nl\/wp-content\/uploads\/2025\/12\/DSCF0561-1367x2048.jpg 1367w, https:\/\/annaspark.studiofjoer.nl\/wp-content\/uploads\/2025\/12\/DSCF0561-scaled.jpg 1709w\" sizes=\"auto, (max-width: 684px) 100vw, 684px\" \/><\/figure>\n\n\n\n<figure class=\"wp-block-image size-large\"><img loading=\"lazy\" decoding=\"async\" width=\"684\" height=\"1024\" data-id=\"157\" src=\"https:\/\/annaspark.studiofjoer.nl\/wp-content\/uploads\/2025\/12\/DSCF0436-684x1024.jpg\" alt=\"\" class=\"wp-image-157\" srcset=\"https:\/\/annaspark.studiofjoer.nl\/wp-content\/uploads\/2025\/12\/DSCF0436-684x1024.jpg 684w, https:\/\/annaspark.studiofjoer.nl\/wp-content\/uploads\/2025\/12\/DSCF0436-200x300.jpg 200w, https:\/\/annaspark.studiofjoer.nl\/wp-content\/uploads\/2025\/12\/DSCF0436-768x1150.jpg 768w, https:\/\/annaspark.studiofjoer.nl\/wp-content\/uploads\/2025\/12\/DSCF0436-1025x1536.jpg 1025w, https:\/\/annaspark.studiofjoer.nl\/wp-content\/uploads\/2025\/12\/DSCF0436-1367x2048.jpg 1367w, https:\/\/annaspark.studiofjoer.nl\/wp-content\/uploads\/2025\/12\/DSCF0436-scaled.jpg 1709w\" sizes=\"auto, (max-width: 684px) 100vw, 684px\" \/><\/figure>\n<\/figure>\n","protected":false},"excerpt":{"rendered":"<p>202616jan | ESNS Friesland Pop, Drie Gezusters | Groningen14feb | Benefietconcert KWF, Muziekwerf | Rotterdam28feb | Clash of the Titans, dB&#8217;s | Utrecht12 mrt | Stukafest Oudenoord 395 | Utrecht3apr | Leading Ladies, Neushoorn Caf\u00e9 | Leeuwarden7 apr | caf\u00e9 de Koe | Amsterdam9apr | She&#8217;s Electric, Iduna | Drachten18apr | Booster Festival Showcase | [&hellip;]<\/p>\n","protected":false},"author":1,"featured_media":0,"parent":0,"menu_order":0,"comment_status":"closed","ping_status":"closed","template":"","meta":{"footnotes":""},"class_list":["post-149","page","type-page","status-publish","hentry"],"_links":{"self":[{"href":"https:\/\/annaspark.studiofjoer.nl\/index.php\/wp-json\/wp\/v2\/pages\/149","targetHints":{"allow":["GET"]}}],"collection":[{"href":"https:\/\/annaspark.studiofjoer.nl\/index.php\/wp-json\/wp\/v2\/pages"}],"about":[{"href":"https:\/\/annaspark.studiofjoer.nl\/index.php\/wp-json\/wp\/v2\/types\/page"}],"author":[{"embeddable":true,"href":"https:\/\/annaspark.studiofjoer.nl\/index.php\/wp-json\/wp\/v2\/users\/1"}],"replies":[{"embeddable":true,"href":"https:\/\/annaspark.studiofjoer.nl\/index.php\/wp-json\/wp\/v2\/comments?post=149"}],"version-history":[{"count":20,"href":"https:\/\/annaspark.studiofjoer.nl\/index.php\/wp-json\/wp\/v2\/pages\/149\/revisions"}],"predecessor-version":[{"id":212,"href":"https:\/\/annaspark.studiofjoer.nl\/index.php\/wp-json\/wp\/v2\/pages\/149\/revisions\/212"}],"wp:attachment":[{"href":"https:\/\/annaspark.studiofjoer.nl\/index.php\/wp-json\/wp\/v2\/media?parent=149"}],"curies":[{"name":"wp","href":"https:\/\/api.w.org\/{rel}","templated":true}]}}